{"id":516,"date":"2013-12-27T10:02:58","date_gmt":"2013-12-27T10:02:58","guid":{"rendered":"http:\/\/archeopressja.wordpress.com\/?page_id=2"},"modified":"2013-12-27T10:02:58","modified_gmt":"2013-12-27T10:02:58","slug":"przydrozne-lekcje-historii","status":"publish","type":"page","link":"https:\/\/www.archeopressja.pl\/?page_id=516","title":{"rendered":"PRZYDRO\u017bNE LEKCJE HISTORII"},"content":{"rendered":"<p><!-- [if gte mso 9]&gt;--><\/p>\n<p><!-- [if gte mso 9]&gt;--><\/p>\n<p><!-- [if gte mso 9]&gt;--><\/p>\n<p><!-- [if gte mso 9]&gt;--><\/p>\n<p class=\"MsoNormal\" style=\"margin-bottom:.0001pt;line-height:normal;text-align:center;\"><b><span style=\"font-size:12pt;font-family:'Bookman Old Style', 'serif';\">PRZYDRO\u017bNE LEKCJE HISTORII (PLH) <\/span><\/b><\/p>\n<p class=\"MsoNormal\" style=\"margin-bottom:.0001pt;line-height:normal;text-align:center;\"><b><span style=\"font-size:12pt;font-family:'Bookman Old Style', 'serif';\">s\u0105 przejawem troski o pami\u0119\u0107 ludzk\u0105, kt\u00f3r\u0105 postrzegam jako \u015bci\u015ble powi\u0105zan\u0105 z pami\u0119ci\u0105 \u00a0materii tj. pami\u0119ci\u0105 rzeczy i pami\u0119ci\u0105 o rzeczach; pami\u0119ci\u0105 miejsc i pami\u0119ci\u0105 o miejscach. <\/span><\/b><\/p>\n<p class=\"MsoNormal\" style=\"margin-bottom:.0001pt;line-height:normal;text-align:center;\"><b><span style=\"font-size:12pt;font-family:'Bookman Old Style', 'serif';\">Zak\u0142adam, \u017ce tego typu lekcje mog\u0105 by\u0107 istotne spo\u0142ecznie, mog\u0105 by\u0107 nie tylko ANTIDOTUM NA ZAPOMNIENIE, ale r\u00f3wnie\u017c REMEDIUM NA \u00a0WANDALIZM. Mog\u0105 by\u0107 tam\u0105 na brak troski, o to co cho\u0107 w pewnym zakresie minione, to aktualne. <\/span><\/b><\/p>\n<p class=\"MsoNormal\" style=\"margin-bottom:.0001pt;text-align:justify;line-height:normal;\"><span style=\"font-size:12pt;font-family:'Bookman Old Style', 'serif';\">Realizacja projektu stanowi zaczyn autorskiej strategii edukacyjnej, kt\u00f3r\u0105 okre\u015blam mianem \u201ePrzydro\u017cnych Lekcji Historii\u201d (PLH), z kt\u00f3rych b\u0119d\u0105 mogli skorzysta\u0107 zar\u00f3wno Polacy, Niemcy, Rosjanie, jak i wszyscy Ci, do kt\u00f3rych trafia argument, \u017ce nasza refleksja nad tym, co z XX wiecznej historii po-zosta\u0142o w sensie materialnym do naszych czas\u00f3w, ma potencja\u0142 \u0142\u0105czenia lokalnych wsp\u00f3lnot, pokole\u0144 i narod\u00f3w. <\/span><\/p>\n<p class=\"MsoNormal\" style=\"margin-bottom:.0001pt;text-align:justify;line-height:normal;\"><span style=\"font-size:12pt;font-family:'Times New Roman', 'serif';\">\u00a0<\/span><\/p>\n<p class=\"MsoNormal\" style=\"margin-bottom:.0001pt;text-align:justify;line-height:normal;\"><span style=\"font-size:12pt;font-family:'Bookman Old Style', 'serif';\">W kontek\u015bcie PLH unaocznia si\u0119 fakt, \u017ce archeologia, jako najbardziej chyba uwra\u017cliwiona na materialne cechy otaczaj\u0105cej nas rzeczywisto\u015bci <i>dyscyplina rzeczy i miejsc<\/i> mo\u017ce by\u0107 postrzegana jako \u201einstytucja pami\u0119ci kulturowej\u201d. <\/span><\/p>\n<p class=\"MsoNormal\" style=\"margin-bottom:.0001pt;text-align:center;line-height:normal;\" align=\"center\"><b><span style=\"font-size:12pt;font-family:'Bookman Old Style', 'serif';color:#c00000;\">ARCHEOLOGIA JEST ANTIDOTUM NA ZAPOMNIENIE i WANDALIZM. <\/span><\/b><\/p>\n<p class=\"MsoNormal\" style=\"margin-bottom:.0001pt;text-align:justify;line-height:normal;\"><span style=\"font-size:12pt;font-family:'Bookman Old Style', 'serif';\">Archeologia sprzyja ko-konstruowaniu samo\u015bwiadomo\u015bci i \u015bwiadomo\u015bci spo\u0142ecznej poprzez stymulowanie odpowiedzialnych interakcji ludzi z \u00a0<i>pami\u0119ci\u0105 materii<\/i> oraz poprzez pozyskiwanie wiedzy na temat przesz\u0142o\u015bci w oparciu o materialne po niej pozosta\u0142o\u015bci.<\/span><\/p>\n<p class=\"MsoNormal\" style=\"margin-bottom:.0001pt;text-align:justify;line-height:normal;\">Poprzez:<\/p>\n<p class=\"MsoNormal\" style=\"margin-bottom:.0001pt;text-align:justify;line-height:normal;\"><span style=\"font-size:12pt;font-family:'Bookman Old Style', 'serif';\">(1) kszta\u0142towanie wra\u017cliwo\u015bci i \u015bwiadomo\u015bci historycznej w\u015br\u00f3d lokalnej ludno\u015bci teren\u00f3w przed stu laty przyfrontowych; <\/span><\/p>\n<p class=\"MsoNormal\" style=\"margin-bottom:.0001pt;text-align:justify;line-height:normal;\"><span style=\"font-size:12pt;font-family:'Bookman Old Style', 'serif';\">(2) otoczenie trosk\u0105 relikt\u00f3w <i>wsp\u00f3\u0142czesnej przesz\u0142o\u015bci<\/i> oraz <\/span><\/p>\n<p class=\"MsoNormal\" style=\"margin-bottom:.0001pt;text-align:justify;line-height:normal;\"><span style=\"font-size:12pt;font-family:'Bookman Old Style', 'serif';\">(3) szerzenia wiedzy na temat istoty i istotno\u015bci materialnego dziedzictwa &#8211; archeologia mo\u017ce przyczynia\u0107 si\u0119 do realizacji pedagogicznie zorientowanych bada\u0144 naukowych oraz d\u0142ugofalowych dzia\u0142a\u0144 popularyzatorskich krzewi\u0105cych kultur\u0119, dialog i poszanowania dla <i>pami\u0119ci materii <\/i>stanowi\u0105cej istotny element <i>materialnego dziedzictwa<\/i>. <\/span><\/p>\n<p class=\"MsoNormal\" style=\"margin-bottom:.0001pt;text-align:justify;line-height:normal;\"><span style=\"font-size:12pt;font-family:'Bookman Old Style', 'serif';\">W\u00a0 naszej historii zar\u00f3wno niewiedza i zapomnienie, jak i bolesny nadmiar wiedzy (motywuj\u0105cy do zacierania \u015blad\u00f3w) &#8211; skutkuj\u0105 szeregiem niedom\u00f3wie\u0144, b\u0142\u0119dnych decyzji i nieetycznych zachowa\u0144 wobec <i>materialnych no\u015bnik\u00f3w pami\u0119ci<\/i>. Zachowania takie sprzyjaj\u0105 wypieraniu z przestrzeni publicznej wiedzy o przesz\u0142o\u015bci oraz wyp\u0142ycaniu wra\u017cliwo\u015bci i \u015bwiadomo\u015bci historycznej. <\/span><\/p>\n<p class=\"MsoNormal\" style=\"margin-bottom:.0001pt;text-align:justify;line-height:normal;\"><span style=\"font-size:12pt;font-family:'Bookman Old Style', 'serif';\">W tym kontek\u015bcie, archeologia (zw\u0142aszcza <i>archeologia wsp\u00f3\u0142czesnej <\/i><i>przesz\u0142o\u015bci<\/i>), ma do odegrania znacz\u0105c\u0105 spo\u0142eczn\u0105 rol\u0119 w zakresie nauczania szacunku: do otaczaj\u0105cych nas \u015blad\u00f3w przesz\u0142o\u015bci i do <i>palimpsestowego <\/i>zapisu <i>archiwum ziemi<\/i>. \u00a0prewencji. Sprzyja\u0107 temu mo\u017ce bardziej aktywne ni\u017c dotychczas d\u0105\u017cenie do zahamowania wzmagaj\u0105cego si\u0119 procesu destrukcji materialnych relikt\u00f3w XX wiecznych konflikt\u00f3w. <\/span><\/p>\n<p class=\"MsoNormal\" style=\"margin-bottom:.0001pt;text-align:justify;line-height:normal;\"><span style=\"font-size:12pt;font-family:'Bookman Old Style', 'serif';\">\u00a0<\/span><\/p>\n<p class=\"MsoNormal\" style=\"margin-bottom:.0001pt;line-height:normal;text-align:right;\" align=\"center\"><i><span style=\"font-size:12pt;font-family:'Times New Roman', 'serif';\">Przydro\u017cne Lekcja Historii na temat Pierwszej Wojny \u015awiatowej nad Rawk\u0105 i Bzur\u0105<\/span><\/i><span style=\"font-size:12pt;font-family:'Times New Roman', 'serif';\"> przeprowadzana s\u0105 w ramach projektu dofinansowywanego przez\u00a0<\/span><\/p>\n<p class=\"MsoNormal\" style=\"margin-bottom:.0001pt;line-height:normal;text-align:right;\" align=\"center\"><span style=\"text-decoration:underline;\"><span style=\"font-size:12pt;font-family:'Times New Roman', 'serif';\">Fundacj\u0119 Wsp\u00f3\u0142pracy Polsko \u2013 Niemieckiej.<\/span><\/span><\/p>\n<p class=\"MsoNormal\" style=\"margin-bottom:.0001pt;line-height:normal;text-align:right;\" align=\"center\">\n<p class=\"MsoNormal\" style=\"margin-bottom:.0001pt;line-height:normal;text-align:right;\" align=\"center\"><span style=\"font-size:12pt;font-family:'Times New Roman', 'serif';\"><a href=\"https:\/\/www.archeopressja.pl\/wp-content\/uploads\/2014\/06\/fwpn.png\"><img loading=\"lazy\" decoding=\"async\" class=\"alignnone size-full wp-image-316\" src=\"https:\/\/www.archeopressja.pl\/wp-content\/uploads\/2014\/06\/fwpn.png\" alt=\"fwpn\" width=\"216\" height=\"73\" \/><\/a>\u00a0<\/span><\/p>\n<p class=\"MsoNormal\" style=\"margin-bottom:.0001pt;line-height:normal;text-align:right;\" align=\"center\"><span style=\"font-size:12pt;font-family:'Times New Roman', 'serif';\">Projekt przeprowadzany jest\u00a0 <\/span><span style=\"font-size:12pt;font-family:'Times New Roman', 'serif';\">pod auspicjami\u00a0 <\/span><\/p>\n<p class=\"MsoNormal\" style=\"margin-bottom:.0001pt;line-height:normal;text-align:right;\" align=\"center\"><span style=\"text-decoration:underline;\"><span style=\"font-size:12pt;font-family:'Times New Roman', 'serif';\">Instytut Archeologii i Etnologii PAN w Warszawie.<\/span><\/span><\/p>\n<p class=\"MsoNormal\" style=\"line-height:normal;text-align:right;\" align=\"center\"><b><span style=\"font-size:14pt;font-family:'Times New Roman', 'serif';color:#c00000;\">\u00a0<\/span><\/b><\/p>\n<p class=\"MsoNormal\" style=\"text-align:right;line-height:normal;\" align=\"right\"><span style=\"font-size:14pt;font-family:'Times New Roman', 'serif';color:#c00000;\">Kierownik i pomys\u0142odawca projektu: Anna Zalewska<\/span><\/p>\n<p class=\"MsoNormal\" style=\"text-align:right;line-height:normal;\" align=\"right\"><span style=\"text-decoration:underline;\"><span style=\"font-size:14pt;font-family:'Times New Roman', 'serif';color:#c00000;\">Zainteresowanych prosz\u0119 o kontakt: azalew@op.pl<\/span><\/span><\/p>\n<p class=\"MsoNormal\" style=\"text-align:right;line-height:normal;\" align=\"right\"><span style=\"font-size:12pt;font-family:'Times New Roman', 'serif';\">Opracowanie i przygotowanie materia\u0142u Anna Zalewska<\/span><\/p>\n<p style=\"text-align:right;\"><b><span style=\"font-size:12pt;line-height:115%;font-family:'Times New Roman', 'serif';\">Copyright Anna ZALEWSKA (ArcheoPRESSja)<\/span><\/b><\/p>\n<p style=\"text-align:right;\">\n<p style=\"text-align:right;\"><a href=\"https:\/\/www.archeopressja.pl\/wp-content\/uploads\/2013\/12\/dsc2949.jpg\"><img loading=\"lazy\" decoding=\"async\" class=\"size-medium wp-image-40 aligncenter\" src=\"https:\/\/www.archeopressja.pl\/wp-content\/uploads\/2013\/12\/dsc2949.jpg?w=300\" alt=\"_DSC2949\" width=\"300\" height=\"199\" srcset=\"https:\/\/www.archeopressja.pl\/wp-content\/uploads\/2013\/12\/dsc2949.jpg 4288w, https:\/\/www.archeopressja.pl\/wp-content\/uploads\/2013\/12\/dsc2949-300x199.jpg 300w, https:\/\/www.archeopressja.pl\/wp-content\/uploads\/2013\/12\/dsc2949-1024x680.jpg 1024w\" sizes=\"auto, (max-width: 300px) 100vw, 300px\" \/><\/a><\/p>\n<p><!-- [if gte mso 9]&gt;--><\/p>\n<p><!-- [if gte mso 10]&gt;--><\/p>\n<p><!-- [if gte mso 9]&gt;--><\/p>\n<p><!-- [if gte mso 10]&gt;--><\/p>\n<div id=\"themify_builder_content-516\" data-postid=\"516\" class=\"themify_builder_content themify_builder_content-516 themify_builder themify_builder_front\">\n\t<\/div>\n<!-- \/themify_builder_content -->","protected":false},"excerpt":{"rendered":"<p>PRZYDRO\u017bNE LEKCJE HISTORII (PLH) s\u0105 przejawem troski o pami\u0119\u0107 ludzk\u0105, kt\u00f3r\u0105 postrzegam jako \u015bci\u015ble powi\u0105zan\u0105 z pami\u0119ci\u0105 \u00a0materii tj. pami\u0119ci\u0105 rzeczy i pami\u0119ci\u0105 o rzeczach; pami\u0119ci\u0105 miejsc i pami\u0119ci\u0105 o miejscach. Zak\u0142adam, \u017ce tego typu lekcje mog\u0105 by\u0107 istotne spo\u0142ecznie, mog\u0105 by\u0107 nie tylko ANTIDOTUM NA ZAPOMNIENIE, ale r\u00f3wnie\u017c REMEDIUM NA \u00a0WANDALIZM. Mog\u0105 by\u0107 tam\u0105 [&hellip;]<\/p>\n","protected":false},"author":2,"featured_media":0,"parent":0,"menu_order":0,"comment_status":"open","ping_status":"open","template":"","meta":{"footnotes":""},"class_list":["post-516","page","type-page","status-publish","hentry","has-post-title","has-post-date","has-post-category","has-post-tag","has-post-comment","has-post-author"],"_links":{"self":[{"href":"https:\/\/www.archeopressja.pl\/index.php?rest_route=\/wp\/v2\/pages\/516","targetHints":{"allow":["GET"]}}],"collection":[{"href":"https:\/\/www.archeopressja.pl\/index.php?rest_route=\/wp\/v2\/pages"}],"about":[{"href":"https:\/\/www.archeopressja.pl\/index.php?rest_route=\/wp\/v2\/types\/page"}],"author":[{"embeddable":true,"href":"https:\/\/www.archeopressja.pl\/index.php?rest_route=\/wp\/v2\/users\/2"}],"replies":[{"embeddable":true,"href":"https:\/\/www.archeopressja.pl\/index.php?rest_route=%2Fwp%2Fv2%2Fcomments&post=516"}],"version-history":[{"count":0,"href":"https:\/\/www.archeopressja.pl\/index.php?rest_route=\/wp\/v2\/pages\/516\/revisions"}],"wp:attachment":[{"href":"https:\/\/www.archeopressja.pl\/index.php?rest_route=%2Fwp%2Fv2%2Fmedia&parent=516"}],"curies":[{"name":"wp","href":"https:\/\/api.w.org\/{rel}","templated":true}]}}