{"id":361,"date":"2014-06-29T21:38:36","date_gmt":"2014-06-29T20:38:36","guid":{"rendered":"http:\/\/archeopressja.wordpress.com\/?page_id=361"},"modified":"2014-06-29T21:38:36","modified_gmt":"2014-06-29T20:38:36","slug":"aktualnosci-biezace-dzialania-app","status":"publish","type":"page","link":"https:\/\/www.archeopressja.pl\/?page_id=361","title":{"rendered":"AKTUALNO\u015aCI BIE\u017b\u0104CE DZIA\u0141ANIA APP"},"content":{"rendered":"<p><strong>1 LIPCA 2014<\/strong><\/p>\n<p>Przekazanie \u015brodk\u00f3w przez Narodowe Centrum Nauki do IAE PAN (Warszawa) na realizacj\u0119 projektu ARCHEOLOGICZNE PRZYWRACANIE PAMI\u0118CI O WIELKIEJ WOJNIE..<\/p>\n<p><strong>2 LIPCA 2014\u00a0<\/strong><\/p>\n<p>Intensyfikacja\u00a0realizacji zadania <strong>1: \u00a0KWERENDA \u0179R\u00d3D\u0141OWA<\/strong><\/p>\n<p><strong>15 LIPCA 2014\u00a0<\/strong><\/p>\n<p><strong>Powo\u0142anie zespo\u0142u projektowego w sk\u0142adzie:<\/strong><\/p>\n<p>1\/ Cyngot Dorota\u00a0(Mgr Archeologii)<\/p>\n<p>2\/ Jakubczak Micha\u0142 (Mgr Archeologii)<\/p>\n<p>3\/ Karczewska Ma\u0142gorzata\u00a0(Mgr Archeologii,\u00a0Doktor nauk humanistycznych)<\/p>\n<p>4\/ Kiarszys Grzegorz\u00a0(Mgr Archeologii, Doktor nauk humanistycznych)<\/p>\n<p>5\/ Kl\u0119czar Bart\u0142omiej\u00a0(Mgr Archeologii)<\/p>\n<p>6\/ Migal Mateusz\u00a0(Mgr Archeologii)<\/p>\n<p>7\/ Migal Witold\u00a0(Mgr Archeologii)<\/p>\n<p>8\/ Paczkowski Micha\u0142\u00a0(Mgr Archeologii)<\/p>\n<p>9\/ Zalewska Anna &#8211; KIEROWNIK PROJEKTU (Mgr Archeologii, Doktor nauk humanistycznych)<\/p>\n<p>10\/ Jacek Czarnecki (Rechercher Pol\u00e9mologue)<\/p>\n<p><strong>Osoby zaproszone do wsp\u00f3\u0142pracy \u00a0przy realizacji zada\u0144\u00a0projektowych:<\/strong><\/p>\n<p>Falis Adam (Mgr Archeologii)<\/p>\n<p>G\u00f3rny Maciej\u00a0(Mgr Historii, Doktor nauk humanistycznych)<\/p>\n<p>Kali\u0144ski Stanis\u0142aw (autor ksi\u0105\u017cki\u00a0<em>Ataki gazowe w bitwie pozycyjnej 9. Armii Niemieckiej<\/em><\/p>\n<p><em>\u00a0 \u00a0 \u00a0 \u00a0 \u00a0 \u00a0 \u00a0 \u00a0 \u00a0 \u00a0 \u00a0 \u00a0 \u00a0 \u00a0 \u00a0 \u00a0 \u00a0 \u00a0 \u00a0 \u00a0 \u00a0 \u00a0 \u00a0 \u00a0 \u00a0 \u00a0 \u00a0 \u00a0 \u00a0 \u00a0 \u00a0 \u00a0 \u00a0 \u00a0 \u00a0 \u00a0 \u00a0 \u00a0 \u00a0 \u00a0 \u00a0 \u00a0 \u00a0 \u00a0 \u00a0 \u00a0 \u00a0 \u00a0 \u00a0 \u00a0 \u00a0 \u00a0 \u00a0 \u00a0 nad Rawk\u0105 i Bzur\u0105 1914-1915<\/em>)<\/p>\n<p style=\"text-align:center;\"><strong>Rozpocz\u0119cie prac terenowych 18 sierpnia 2014<\/strong><\/p>\n<p><strong>18 sierpnia 2014 &#8211; 23 listopada<\/strong><\/p>\n<p>Realizacja zadania<strong> 2: \u00a0PRACE NIEINWAZYJNE<\/strong><\/p>\n<p>&#8211; badania powierzchniowe<\/p>\n<p>&#8211; badania elektrooporowe<\/p>\n<p>&#8211; badania geomagnetyczne<\/p>\n<p>&#8211; badania georadarowe<\/p>\n<p><strong>9 pa\u017adziernika &#8211; w toku<\/strong><\/p>\n<p>Realizacja zadania<strong>\u00a03: \u00a0PRACE INWAZYJNE<\/strong><\/p>\n<p>&#8211; badania wykopaliskowe<\/p>\n<p>&#8211; badania sonda\u017cowe<\/p>\n<p style=\"text-align:center;\"><strong>Planowany termin zako\u0144czenia prac terenowych 30 listopada 2014<\/strong><\/p>\n<div id=\"themify_builder_content-361\" data-postid=\"361\" class=\"themify_builder_content themify_builder_content-361 themify_builder themify_builder_front\">\n\t<\/div>\n<!-- \/themify_builder_content -->","protected":false},"excerpt":{"rendered":"<p>1 LIPCA 2014 Przekazanie \u015brodk\u00f3w przez Narodowe Centrum Nauki do IAE PAN (Warszawa) na realizacj\u0119 projektu ARCHEOLOGICZNE PRZYWRACANIE PAMI\u0118CI O WIELKIEJ WOJNIE.. 2 LIPCA 2014\u00a0 Intensyfikacja\u00a0realizacji zadania 1: \u00a0KWERENDA \u0179R\u00d3D\u0141OWA 15 LIPCA 2014\u00a0 Powo\u0142anie zespo\u0142u projektowego w sk\u0142adzie: 1\/ Cyngot Dorota\u00a0(Mgr Archeologii) 2\/ Jakubczak Micha\u0142 (Mgr Archeologii) 3\/ Karczewska Ma\u0142gorzata\u00a0(Mgr Archeologii,\u00a0Doktor nauk humanistycznych) 4\/ Kiarszys [&hellip;]<\/p>\n","protected":false},"author":2,"featured_media":0,"parent":0,"menu_order":0,"comment_status":"open","ping_status":"open","template":"","meta":{"footnotes":""},"class_list":["post-361","page","type-page","status-publish","hentry","has-post-title","has-post-date","has-post-category","has-post-tag","has-post-comment","has-post-author"],"_links":{"self":[{"href":"https:\/\/www.archeopressja.pl\/index.php?rest_route=\/wp\/v2\/pages\/361","targetHints":{"allow":["GET"]}}],"collection":[{"href":"https:\/\/www.archeopressja.pl\/index.php?rest_route=\/wp\/v2\/pages"}],"about":[{"href":"https:\/\/www.archeopressja.pl\/index.php?rest_route=\/wp\/v2\/types\/page"}],"author":[{"embeddable":true,"href":"https:\/\/www.archeopressja.pl\/index.php?rest_route=\/wp\/v2\/users\/2"}],"replies":[{"embeddable":true,"href":"https:\/\/www.archeopressja.pl\/index.php?rest_route=%2Fwp%2Fv2%2Fcomments&post=361"}],"version-history":[{"count":0,"href":"https:\/\/www.archeopressja.pl\/index.php?rest_route=\/wp\/v2\/pages\/361\/revisions"}],"wp:attachment":[{"href":"https:\/\/www.archeopressja.pl\/index.php?rest_route=%2Fwp%2Fv2%2Fmedia&parent=361"}],"curies":[{"name":"wp","href":"https:\/\/api.w.org\/{rel}","templated":true}]}}