{"id":359,"date":"2014-06-29T21:38:16","date_gmt":"2014-06-29T20:38:16","guid":{"rendered":"http:\/\/archeopressja.wordpress.com\/?page_id=359"},"modified":"2014-06-29T21:38:16","modified_gmt":"2014-06-29T20:38:16","slug":"harmonogram-app","status":"publish","type":"page","link":"https:\/\/www.archeopressja.pl\/?page_id=359","title":{"rendered":"HARMONOGRAM app"},"content":{"rendered":"<p>&nbsp;<\/p>\n<p><strong>PROJEKT REALIZOWANY B\u0118DZIE OD 2014 DO 2018 ROKU <\/strong><\/p>\n<p><strong>dzi\u0119ki grantowi Narodowego Centrum Nauki<\/strong><\/p>\n<p style=\"text-align:right;\"><a href=\"https:\/\/www.archeopressja.pl\/wp-content\/uploads\/2014\/11\/ncn_logo.jpg\"><img loading=\"lazy\" decoding=\"async\" class=\"alignnone size-medium wp-image-514\" src=\"https:\/\/www.archeopressja.pl\/wp-content\/uploads\/2014\/11\/ncn_logo.jpg?w=300\" alt=\"ncn_logo\" width=\"300\" height=\"86\" srcset=\"https:\/\/www.archeopressja.pl\/wp-content\/uploads\/2014\/11\/ncn_logo.jpg 387w, https:\/\/www.archeopressja.pl\/wp-content\/uploads\/2014\/11\/ncn_logo-300x86.jpg 300w\" sizes=\"auto, (max-width: 300px) 100vw, 300px\" \/><\/a><\/p>\n<p><strong>1 LIPCA 2014 <\/strong>nast\u0105pi\u0142o przekazanie \u015brodk\u00f3w przez Narodowe Centrum Nauki do IAE PAN (Warszawa) na realizacj\u0119 projektu ARCHEOLOGICZNE PRZYWRACANIE PAMI\u0118CI O WIELKIEJ WOJNIE..<\/p>\n<p>&nbsp;<\/p>\n<p><strong>\u00a0<\/strong><strong>Powo\u0142anie zespo\u0142u projektowego w sk\u0142adzie wymienionym wg kolejno\u015bci alfabetycznej:<\/strong><\/p>\n<p>1\/ Cyngot Dorota\u00a0(Mgr Archeologii)<\/p>\n<p>2\/\u00a0Jacek Czarnecki (Rechercher Pol\u00e9mologue)<\/p>\n<p>3\/ Jakubczak Micha\u0142 (Mgr Archeologii)<\/p>\n<p>4\/ Karczewska Ma\u0142gorzata\u00a0(Mgr Archeologii,\u00a0Doktor nauk humanistycznych)<\/p>\n<p>5\/ Kiarszys Grzegorz\u00a0(Mgr Archeologii, Doktor nauk humanistycznych)<\/p>\n<p>6\/ Kl\u0119czar Bart\u0142omiej\u00a0(Mgr Archeologii)<\/p>\n<p>7\/ Migal Mateusz\u00a0(Mgr Archeologii)<\/p>\n<p>8\/ Migal Witold\u00a0(Mgr Archeologii)<\/p>\n<p>9\/ Paczkowski Micha\u0142\u00a0(Mgr Archeologii)<\/p>\n<p>10\/ Zalewska Anna &#8211; KIEROWNIK PROJEKTU (Mgr Archeologii, Mgr Historii, Doktor nauk humanistycznych).<\/p>\n<p>&nbsp;<\/p>\n<p><strong>Osoby zaproszone do wsp\u00f3\u0142pracy przy realizacji zada\u0144\u00a0projektowych:<\/strong><\/p>\n<p>faza I:<\/p>\n<p>1\/ Falis Adam (Mgr Archeologii)<\/p>\n<p>2\/ G\u00f3rny Maciej\u00a0(Mgr Historii, Doktor nauk humanistycznych)<\/p>\n<p>3\/ Kali\u0144ski Stanis\u0142aw (autor ksi\u0105\u017cki\u00a0<em>Ataki gazowe w bitwie pozycyjnej 9. Armii Niemieckiej <\/em><\/p>\n<p><em>\u00a0 \u00a0 \u00a0 \u00a0 \u00a0 \u00a0 \u00a0 \u00a0 \u00a0 \u00a0 \u00a0 \u00a0 \u00a0 \u00a0 \u00a0 \u00a0 \u00a0 \u00a0 \u00a0 \u00a0 \u00a0 \u00a0 \u00a0 \u00a0 \u00a0 \u00a0 \u00a0 \u00a0 \u00a0 \u00a0 \u00a0 \u00a0 \u00a0 \u00a0 \u00a0 \u00a0 \u00a0 \u00a0 \u00a0 \u00a0 \u00a0 \u00a0 \u00a0 \u00a0 \u00a0 \u00a0 \u00a0 \u00a0 \u00a0 \u00a0 \u00a0 \u00a0 \u00a0 \u00a0 nad Rawk\u0105 i Bzur\u0105 1914-1915<\/em>)<\/p>\n<p>4\/ Szymczak Natalia (Mgr Antropologii)<\/p>\n<p>&nbsp;<\/p>\n<p><strong>sierpie\u0144- listopad \u00a0 2014<\/strong><\/p>\n<p>Realizacja zadania<strong> 2: \u00a0PRACE NIEINWAZYJNE (sezon I)<\/strong><\/p>\n<p>&#8211; badania powierzchniowe<\/p>\n<p>&#8211; badania elektrooporowe<\/p>\n<p>&#8211; badania geomagnetyczne<\/p>\n<p>&#8211; badania georadarowe<\/p>\n<p>Realizacja zadania<strong>\u00a03: \u00a0PRACE INWAZYJNE (sezon I)<\/strong><\/p>\n<p>&#8211; badania wykopaliskowe<\/p>\n<p>&#8211; badania sonda\u017cowe<\/p>\n<p><strong>\u00a0<\/strong><\/p>\n<p><strong>grudzie\u0144 2014 &#8211; marzec 2015<\/strong><\/p>\n<p>Realizacja zadania 4:\u00a0<strong>\u00a0<\/strong><strong>INWENTARYZACJA, KONSERWACJA<\/strong><strong>, opracowywanie i interpretacja znalezisk i r\u00f3\u017cnorodnych \u017ar\u00f3de\u0142 wiedzy nt. wojny <\/strong><strong>\u00a0<\/strong><\/p>\n<p><strong>maj\u00a0&#8211; wrzesie\u0144 2015<\/strong><\/p>\n<p>Realizacja zadania<strong> 2: \u00a0PRACE NIEINWAZYJNE (sezon II)<\/strong><\/p>\n<p>&#8211; badania powierzchniowe<\/p>\n<p>&#8211; badania elektrooporowe<\/p>\n<p>&#8211; badania geomagnetyczne<\/p>\n<p>&#8211; badania georadarowe<\/p>\n<p>Realizacja zadania<strong>\u00a03: \u00a0PRACE INWAZYJNE (sezon II)<\/strong><\/p>\n<p>&#8211; badania wykopaliskowe<\/p>\n<p>&#8211; badania sonda\u017cowe<\/p>\n<p><strong>pa\u017adziernik\u00a0&#8211; grudzie\u0144\u00a02015<\/strong><\/p>\n<p>Realizacja zadania 4:\u00a0<strong>\u00a0<\/strong><strong>INWENTARYZACJA, KONSERWACJA<\/strong><strong>, opracowywanie i interpretacja znalezisk i r\u00f3\u017cnorodnych \u017ar\u00f3de\u0142 wiedzy nt. wojny <\/strong><strong>\u00a0<\/strong>\u00a0 \u00a0(cz. II)<\/p>\n<p><strong>maj &#8211; lipiec 2016<\/strong><\/p>\n<p>Realizacja zadania<strong> 2: \u00a0PRACE NIEINWAZYJNE (sezon III)<\/strong><\/p>\n<p>&#8211; badania powierzchniowe<\/p>\n<p>&#8211; badania elektrooporowe<\/p>\n<p>&#8211; badania geomagnetyczne<\/p>\n<p>&#8211; badania georadarowe<\/p>\n<p>Realizacja zadania<strong>\u00a03: \u00a0PRACE INWAZYJNE (sezon III)<\/strong><\/p>\n<p>&#8211; badania wykopaliskowe<\/p>\n<p>&#8211; badania sonda\u017cowe<\/p>\n<p>&nbsp;<\/p>\n<p class=\"p1\"><strong>ZADANIE NR 5: Opracowywanie naukowe wynik\u00f3w bada\u0144, promocja upowszechnianie wiedzy nt frontu wschodniego w kraju i za granic\u0105 &#8211; realizowane jest non stop w toku realizacji projektu\u00a0<\/strong>oraz udost\u0119pnienie wynik\u00f3w bada\u0144 lokalnej spo\u0142eczno\u015bci.<\/p>\n<p>&nbsp;<\/p>\n<p>&nbsp;<\/p>\n<p style=\"text-align:left;\">sierpie\u0144 2016- luty\u00a02018<\/p>\n<p style=\"text-align:left;\">praca badawcza nad pozyskanym materia\u0142em (\u017ar\u00f3d\u0142a zastane i wywo\u0142ane) oraz opracowywanie tre\u015bci publikacji podsumowuj\u0105cej projekt r\u00f3wnolegle z prospo\u0142ecznymi dzia\u0142aniami w zakresie archeologii wsp\u00f3\u0142czesno\u015bci, w tym troski o poszanowanie godno\u015bci szcz\u0105tk\u00f3w ludzkich i substancji zabytkowej bliskiej przesz\u0142o\u015bci.<\/p>\n<p style=\"text-align:right;\">\u00a0przygotowa\u0142a: Anna Zalewska (Kierownik projektu)<\/p>\n<p style=\"text-align:right;\">w razie pyta\u0144 prosz\u0119 o kontakt: azalew@op.pl<\/p>\n<div id=\"themify_builder_content-359\" data-postid=\"359\" class=\"themify_builder_content themify_builder_content-359 themify_builder themify_builder_front\">\n\t<\/div>\n<!-- \/themify_builder_content -->","protected":false},"excerpt":{"rendered":"<p>&nbsp; PROJEKT REALIZOWANY B\u0118DZIE OD 2014 DO 2018 ROKU dzi\u0119ki grantowi Narodowego Centrum Nauki 1 LIPCA 2014 nast\u0105pi\u0142o przekazanie \u015brodk\u00f3w przez Narodowe Centrum Nauki do IAE PAN (Warszawa) na realizacj\u0119 projektu ARCHEOLOGICZNE PRZYWRACANIE PAMI\u0118CI O WIELKIEJ WOJNIE.. &nbsp; \u00a0Powo\u0142anie zespo\u0142u projektowego w sk\u0142adzie wymienionym wg kolejno\u015bci alfabetycznej: 1\/ Cyngot Dorota\u00a0(Mgr Archeologii) 2\/\u00a0Jacek Czarnecki (Rechercher Pol\u00e9mologue) [&hellip;]<\/p>\n","protected":false},"author":2,"featured_media":0,"parent":0,"menu_order":0,"comment_status":"open","ping_status":"open","template":"","meta":{"footnotes":""},"class_list":["post-359","page","type-page","status-publish","hentry","has-post-title","has-post-date","has-post-category","has-post-tag","has-post-comment","has-post-author"],"_links":{"self":[{"href":"https:\/\/www.archeopressja.pl\/index.php?rest_route=\/wp\/v2\/pages\/359","targetHints":{"allow":["GET"]}}],"collection":[{"href":"https:\/\/www.archeopressja.pl\/index.php?rest_route=\/wp\/v2\/pages"}],"about":[{"href":"https:\/\/www.archeopressja.pl\/index.php?rest_route=\/wp\/v2\/types\/page"}],"author":[{"embeddable":true,"href":"https:\/\/www.archeopressja.pl\/index.php?rest_route=\/wp\/v2\/users\/2"}],"replies":[{"embeddable":true,"href":"https:\/\/www.archeopressja.pl\/index.php?rest_route=%2Fwp%2Fv2%2Fcomments&post=359"}],"version-history":[{"count":0,"href":"https:\/\/www.archeopressja.pl\/index.php?rest_route=\/wp\/v2\/pages\/359\/revisions"}],"wp:attachment":[{"href":"https:\/\/www.archeopressja.pl\/index.php?rest_route=%2Fwp%2Fv2%2Fmedia&parent=359"}],"curies":[{"name":"wp","href":"https:\/\/api.w.org\/{rel}","templated":true}]}}