{"id":357,"date":"2014-06-29T21:38:05","date_gmt":"2014-06-29T20:38:05","guid":{"rendered":"http:\/\/archeopressja.wordpress.com\/?page_id=357"},"modified":"2014-06-29T21:38:05","modified_gmt":"2014-06-29T20:38:05","slug":"opis-projektu-app","status":"publish","type":"page","link":"https:\/\/www.archeopressja.pl\/?page_id=357","title":{"rendered":"OPIS PROJEKTU app"},"content":{"rendered":"<div>\n<div style=\"text-align:center;\"><em><strong>ARCHEOLOGICZNE PRZYWRACANIE PAMI\u0118CI O WIELKIEJ WOJNIE. Materialne pozosta\u0142o\u015bci \u017cycia i \u015bmierci w okopach na froncie wschodnim oraz stan przemian krajobrazu pobitewnego w rejonie Rawki i Bzury (1914-2014).<\/strong><\/em><\/div>\n<div><\/div>\n<div><strong>Projekt pod patronatem Instytutu Archeologii i Etnologii PAN w Warszawie<\/strong><\/div>\n<div><strong>Finansowanie: Narodowe Centrum Nauki<\/strong><\/div>\n<div><strong>Rodzaj projektu: HS SONATA BIS<\/strong><\/div>\n<div><strong>Czas trwania projektu: 2014-2018<\/strong><\/div>\n<div><\/div>\n<div><strong>kierownik projektu dr Anna Zalewska (IA UMCS, IAE PAN)<\/strong><\/div>\n<div>kontakt: azalew@op.pl<\/div>\n<div><strong>\u00a0<\/strong><\/div>\n<div><strong>Cel prowadzonych bada\u0144:<\/strong><br \/>\nZasadnicze cele projektu to: przywr\u00f3cenie pami\u0119ci o froncie wschodnim pierwszej wojny \u015bwiatowej nad Rawk\u0105 i Bzur\u0105; wzbogacenie wiedzy o \u017cyciu\u00a0 i \u015bmierci \u017co\u0142nierzy w okopach; zaktualizowanie wyobra\u017ce\u0144 o specyfice, znaczeniach i nast\u0119pstwach dzia\u0142a\u0144 zbrojnych, jakie mia\u0142y miejsce w rejonie Rawki i Bzury przed stu laty.<\/div>\n<div>Dzi\u0119ki realizacji projektu mo\u017cliwe b\u0119dzie wykazanie kryj\u0105cego si\u0119 w archeologii potencja\u0142u kszta\u0142towania:<\/div>\n<div>z jednej strony wiedzy szczeg\u00f3\u0142owej (r\u00f3wnie\u017c odno\u015bnie bliskiej przesz\u0142o\u015bci, ze szczeg\u00f3lny uwzgl\u0119dnieniem atak\u00f3w gazowych na froncie wschodnim);<\/div>\n<div>z drugiej za\u015b strony wsp\u00f3\u0142czesnej wra\u017cliwo\u015bci i \u015bwiadomo\u015bci historycznej Polak\u00f3w i spo\u0142eczno\u015bci mi\u0119dzynarodowej.<\/div>\n<\/div>\n<div><\/div>\n<div><strong>Zastosowana metody badawcze:<\/strong><br \/>\nCele badawcze projektu b\u0119d\u0105 realizowane z u\u017cyciem najnowocze\u015bniejszych znanych nam metod i strategii badawczych. Po sfinalizowaniu kwerendy \u017ar\u00f3d\u0142owej\u00a0 i okre\u015bleniu aktualnego stanu wiedzy na temat dzia\u0142a\u0144 wojennych, wytyczony obszar zostanie poddany wnikliwej analizie z u\u017cyciem metod nieinwazyjnych. Jest to zadanie dla historyk\u00f3w, polemolog\u00f3w, badaczy wojskowo\u015bci i konflikt\u00f3w, ale tak\u017ce zaanga\u017cowanych archeolog\u00f3w.<\/div>\n<div><\/div>\n<div>Nast\u0119pnie, w wyniku zastosowania metod nieinwazyjnych (w tym skaningu laserowego powierzchni ziemi (LIDAR); bada\u0144 geofizycznych; magnetycznych i georadarowych) &#8211; zgromadzony zostanie zas\u00f3b danych na temat aktualnej kondycji badanego obszaru (w tym \u015blad\u00f3w ingerencji w struktur\u0119 powierzchni ziemi). Chorologiczna i chronologiczna interpretacja danych pozwoli na zadokumentowanie materialnych pozosta\u0142o\u015bci cmentarzy, mogi\u0142, okop\u00f3w, umocnie\u0144, ziemianek, lazaret\u00f3w i potencjalnie wielu innych obiekt\u00f3w powsta\u0142ych w latach 1914 i 1915 oraz, co nie wykluczone, szcz\u0105tk\u00f3w zaginionych w akcji ofiar wojny.<\/div>\n<div><\/div>\n<div>W dalszej fazie realizacji projektu poprzez korelowanie r\u00f3\u017cnego typu informacji \u017ar\u00f3d\u0142owych, nast\u0105pi okre\u015blenie: stanu przemian badanego krajobrazu pobitewnego oraz cech proces\u00f3w antropogenicznych zachodz\u0105cych na tym obszarze (1914-2014). Na tym etapie bada\u0144 mo\u017cliwe b\u0119dzie precyzyjne wskazanie miejsc, kt\u00f3re zostan\u0105 przebadane z zastosowaniem metod inwazyjnych, zgodnie z dyrektywami \u201ekonserwacji zapobiegawczej\u201d i ze szczeg\u00f3lnym uwzgl\u0119dnieniem miejsc najbardziej nara\u017conych na ca\u0142kowite zniszczenie.<\/div>\n<div><\/div>\n<div>Specyfika bada\u0144 oraz wyj\u0105tkowo\u015b\u0107 materialnych korelat\u00f3w Wielkiej Wojny, kt\u00f3re do tej pory nie by\u0142y poddawane w nauce polskiej tak kompleksowej refleksji, dostarczy materia\u0142u do istotnej w sensie poznawczym i spo\u0142ecznym publikacji, w kt\u00f3rej zostan\u0105 przedstawione wyniki bada\u0144.<\/div>\n<div id=\"themify_builder_content-357\" data-postid=\"357\" class=\"themify_builder_content themify_builder_content-357 themify_builder themify_builder_front\">\n\t<\/div>\n<!-- \/themify_builder_content -->","protected":false},"excerpt":{"rendered":"<p>ARCHEOLOGICZNE PRZYWRACANIE PAMI\u0118CI O WIELKIEJ WOJNIE. Materialne pozosta\u0142o\u015bci \u017cycia i \u015bmierci w okopach na froncie wschodnim oraz stan przemian krajobrazu pobitewnego w rejonie Rawki i Bzury (1914-2014). Projekt pod patronatem Instytutu Archeologii i Etnologii PAN w Warszawie Finansowanie: Narodowe Centrum Nauki Rodzaj projektu: HS SONATA BIS Czas trwania projektu: 2014-2018 kierownik projektu dr Anna Zalewska [&hellip;]<\/p>\n","protected":false},"author":2,"featured_media":0,"parent":0,"menu_order":0,"comment_status":"open","ping_status":"open","template":"","meta":{"footnotes":""},"class_list":["post-357","page","type-page","status-publish","hentry","has-post-title","has-post-date","has-post-category","has-post-tag","has-post-comment","has-post-author"],"_links":{"self":[{"href":"https:\/\/www.archeopressja.pl\/index.php?rest_route=\/wp\/v2\/pages\/357","targetHints":{"allow":["GET"]}}],"collection":[{"href":"https:\/\/www.archeopressja.pl\/index.php?rest_route=\/wp\/v2\/pages"}],"about":[{"href":"https:\/\/www.archeopressja.pl\/index.php?rest_route=\/wp\/v2\/types\/page"}],"author":[{"embeddable":true,"href":"https:\/\/www.archeopressja.pl\/index.php?rest_route=\/wp\/v2\/users\/2"}],"replies":[{"embeddable":true,"href":"https:\/\/www.archeopressja.pl\/index.php?rest_route=%2Fwp%2Fv2%2Fcomments&post=357"}],"version-history":[{"count":0,"href":"https:\/\/www.archeopressja.pl\/index.php?rest_route=\/wp\/v2\/pages\/357\/revisions"}],"wp:attachment":[{"href":"https:\/\/www.archeopressja.pl\/index.php?rest_route=%2Fwp%2Fv2%2Fmedia&parent=357"}],"curies":[{"name":"wp","href":"https:\/\/api.w.org\/{rel}","templated":true}]}}