{"id":343,"date":"2014-06-29T21:35:22","date_gmt":"2014-06-29T20:35:22","guid":{"rendered":"http:\/\/archeopressja.wordpress.com\/?page_id=343"},"modified":"2014-06-29T21:35:22","modified_gmt":"2014-06-29T20:35:22","slug":"harmonogram","status":"publish","type":"page","link":"https:\/\/www.archeopressja.pl\/?page_id=343","title":{"rendered":"HARMONOGRAM"},"content":{"rendered":"<p style=\"text-align:center;\">\u00a0<strong>ARCHEOLOGIA JEST ANTIDOTUM NA ZAPOMNIENIE i WANDALIZM.<\/strong><\/p>\n<p style=\"text-align:center;\"><strong>PIERWSZA WOJNA <\/strong><strong>\u015a<\/strong><strong>WIATOWA NAD RAWK<\/strong><strong>\u0104<\/strong><strong> I BZUR<\/strong><strong>\u0104<\/strong>\u00a0\u00a0 <strong>(1914 \u2013 2014).<\/strong><\/p>\n<p style=\"text-align:center;\"><strong>KU PRZYDRO<\/strong><strong>\u017b<\/strong><strong>NYM LEKCJOM HISTORII\u00a0<\/strong><\/p>\n<p><strong>\u00a0<\/strong>HARMONOGRAM:<\/p>\n<p><strong>\u00a0Etap I: \u00a0zako\u0144czony 30 marca<\/strong><\/p>\n<p><strong>Pa<\/strong><strong>\u017a<\/strong><strong>dziernik 2013- marzec 2014<\/strong><\/p>\n<p>Kwerendy \u017ar\u00f3d\u0142owe<\/p>\n<p>Przygotowywanie tre\u015bci publikacji i tablic<\/p>\n<p>Opracowywanie strategii dzia\u0142a\u0144\u00a0 edukacyjnych i cel\u00f3w operacyjnych<\/p>\n<p>Opracowanie ankiety i metodyki dzia\u0142a\u0144 prospo\u0142ecznych<\/p>\n<p><strong>\u00a0<\/strong><\/p>\n<p><strong>20 lutego 2014<\/strong><\/p>\n<p>Prezentacja zakresu i cel\u00f3w projektu Dyrekcji Bolimowskiego Parku Krajobrazowego w Skierniewicach oraz Stowarzyszeniu Inicjatywa Ziemi Bolimowskiej.<\/p>\n<p>Wykonanie dokumentacji fotograficznej\u00a0w miejscach widocznych na zdj\u0119ciach archiwalnych na obszarze walk nad Rawk\u0105.<\/p>\n<p>&nbsp;<\/p>\n<p><strong>27-28 lutego<\/strong><\/p>\n<p>Wykonanie zdj\u0119\u0107 muzeali\u00f3w w Muzeum Wojska Polskiego w Warszawie oraz kwerenda \u017ar\u00f3d\u0142owa w archiwum i bibliotece MWP.<\/p>\n<p><strong>1 marca<\/strong><\/p>\n<p style=\"text-align:left;\">Badania terenowe w celu zadokumentowania materialnych pozosta\u0142o\u015bci dzia\u0142a\u0144 zbrojnych 1914-1915. Dokumentacja fotograficzna Cmentarzy Wojennych w Joachimowie Mogi\u0142ach,<\/p>\n<p style=\"text-align:left;\">10 marca 2014<\/p>\n<p style=\"text-align:left;\">Weryfikacja terenowa i dokumentacja fotograficzna Cmentarzy Wojennych w Kamionie, Woli Szyd\u0142owieckiej.<\/p>\n<p style=\"text-align:left;\">Wizyta w Nadle\u015bnictwie Skierniwice.<\/p>\n<p><strong>20 marca 2014<\/strong>:<\/p>\n<p>I. Przeprowadzenie ankiety pt. <em>Pami<\/em><em>\u0119\u0107<\/em><em> o Pierwszej Wojnie <\/em><em>\u015a<\/em><em>wiatowej<\/em> w lokalnych szko\u0142ach w Bolimowie (Gimnazjum i LO), poinformowanie uczni\u00f3w o projekcie edukacyjnym i zaproszenie \u00a0Ich do uczestnictwa w wyk\u0142adach i warsztatach.<\/p>\n<p>Miejsce: Gimnazjum, Liceum, ZSZ w Bolimowie<\/p>\n<p>Pe\u0142na dokumentacja fotograficzna wszystkich nagrobk\u00f3w na Cmentarzu Wojennym w Bolimowskiej Wsi stanowi\u0105ca przygotowanie do warsztat\u00f3w terenowych zaplanowanych na 28 czerwca 2014 r.<\/p>\n<p>II. Prezentacja projektu\u00a0 w\u0142adzom\u00a0 Bolimowskiego Parku Krajobrazowego i \u00a0W\u00f3jtowi Gminy Bolim\u00f3w \u00a0oraz Dyrekcji GOK Bolim\u00f3w &#8211; podsumowanie uzgodnie\u0144 w sprawie posadowienia tablic informacyjnych\u00a0 i innych element\u00f3w realizacji projektu;<\/p>\n<p>Miejsce: Urz\u0105d Gminy Bolim\u00f3w godzina: 12:00<\/p>\n<p><strong>\u00a0<strong>Etap II &#8211; zako\u0144czony 30\u00a0czerwca<\/strong><\/strong><\/p>\n<p><strong>3 kwietnia 2014:<\/strong><\/p>\n<p>Wizyty robocze i ustalenia in situ z gospodarzami terenu, na kt\u00f3rym posadowione zostan\u0105 tablice tj. Nadle\u015bnictwa Radziwi\u0142\u0142\u00f3w i Nadle\u015bnictwa Skiernieiwce<\/p>\n<p><strong>Og\u0142oszenie konkursu zwi\u0105zanego z projektem \u00a0pt.<\/strong><\/p>\n<p><em>Pierwsza wojna <\/em><em>\u015b<\/em><em>wiatowa nad Rawk<\/em><em>\u0105<\/em><em> i Bzur<\/em><em>\u0105<\/em><em>. TO by<\/em><em>\u0142<\/em><em>o w<\/em><em>\u0142<\/em><em>a<\/em><em>\u015b<\/em><em>nie TU!<\/em><\/p>\n<p><strong>\u00a0<\/strong><\/p>\n<p><strong>ZAINTERESOWANYCH PROSIMY O PRZYGOTOWANIE PRACY (FOTOGRAFICZNEJ, PLASTYCZNEJ, LITERACKIEJ, HISTORYCZNEJ, LUB INNEJ) nt. \u00a0PIERWSZEJ WOJNY\u00a0 <\/strong><strong>\u015a<\/strong><strong>WIATOWEJ LUB TEGO CO PO NIEJ ZOSTA<\/strong><strong>\u0141<\/strong><strong>O DO DZISIAJ<\/strong>:<\/p>\n<p><strong>\u00a0<\/strong><\/p>\n<p><strong>ZASADY KONKURSU:<\/strong><\/p>\n<p><strong>\u00a0<\/strong><\/p>\n<p><strong>Praca\u00a0 musi by<\/strong><strong>\u0107<\/strong><strong> oryginalnym autorskim utworem.<\/strong><\/p>\n<p><strong>Praca mo<\/strong><strong>\u017c<\/strong><strong>e by<\/strong><strong>\u0107<\/strong><strong> wykonana przez jednego autora lub przez zesp\u00f3<\/strong><strong>\u0142<\/strong><strong> autor\u00f3w<\/strong><\/p>\n<p><strong>\u00a0<\/strong><\/p>\n<p><strong>Technika \u00a0pracy zg<\/strong><strong>\u0142<\/strong><strong>oszonej do konkursu:<\/strong> dowolna<\/p>\n<p>&nbsp;<\/p>\n<ul>\n<li>I. PRACA WIZUALNA\/ PLASTYCZNA: mo\u017ce to by\u0107 np. praca fotograficzna, collage,\u00a0 rysunek, dzie\u0142o plastyczne (malarstwo, grafika, itd), praca wykonana technikami \u0142\u0105czonymi, lub inna<\/li>\n<\/ul>\n<p>&nbsp;<\/p>\n<ul>\n<li>II. PRACA LITERACKO\/ HISTORYCZNA: mo\u017ce to by\u0107 r\u00f3wnie\u017c praca\u00a0 historyczna lub\u00a0 literacka np.\u00a0 esej czy wypracowanie \u00a0na temat okre\u015blony w tytule konkursu, wyniki samodzielnych bada\u0144 historycznych\/ archiwalnych; tre\u015b\u0107 wywiadu z osobami, kt\u00f3re maj\u0105 wiedz\u0119 na temat Pierwszej Wojny nad Rawk\u0105 i Bzur\u0105 lub inna<\/li>\n<\/ul>\n<p>&nbsp;<\/p>\n<p><strong>Kryteria oceny:<\/strong><\/p>\n<p>1. \u00a0<strong>pomys<\/strong><strong>\u0142<\/strong><strong>owo<\/strong><strong>\u015b\u0107<\/strong>i ekspresyjno\u015b\u0107 pracy<\/p>\n<p>2. <strong>\u00a0stopie<\/strong><strong>\u0144<\/strong><strong> zwi<\/strong><strong>\u0105<\/strong><strong>zku tre<\/strong><strong>\u015b<\/strong><strong>ci i formy pracy z tematyk<\/strong><strong>\u0105<\/strong><strong> okre<\/strong><strong>\u015b<\/strong><strong>lon<\/strong><strong>\u0105<\/strong><strong> w tytule konkursu <\/strong><\/p>\n<p>3. <strong>warto<\/strong><strong>\u015b\u0107<\/strong><strong> edukacyjna <\/strong>(na ile praca mo\u017ce stanowi\u0107 motywacj\u0119 dla innych do zainteresowania si\u0119 wydarzeniami z przesz\u0142o\u015bci, jakie mia\u0142y miejsce nad Rawk\u0105 i Bzur\u0105)<\/p>\n<p>4. <strong>warto<\/strong><strong>\u015b\u0107<\/strong><strong> poznawcza<\/strong> (na ile praca\u00a0 ukazuje lub wnosi\u00a0 informacje istotne dla utrwalania b\u0105d\u017a poszerzania wiedzy na temat Pierwszej Wojny \u015awiatowej, lub wydarze\u0144 z ni\u0105 zwi\u0105zanych)<\/p>\n<p>&nbsp;<\/p>\n<p>Uwaga: NAGRODY!<\/p>\n<p>Przewidziane s\u0105 <strong>nagrody<\/strong> dla za pierwsze, drugie i trzecie miejsce:<\/p>\n<p>I. ZA NAJLEPSZE PRACE WIZUALNO\/PLASTYCZNE oraz za<\/p>\n<p>II. ZA\u00a0 NAJCIEKAWSZE PRACE LITERACKO \/HISTORYCZNE<\/p>\n<p>&#8211; w dw\u00f3ch kategoriach wiekowych: Kategoria A (od 9 do\u00a0 15\u00a0 lat); Kategoria \u00a0B. (powy\u017cej 15 roku \u017cycia).<\/p>\n<p>&nbsp;<\/p>\n<p><strong>Termin sk<\/strong><strong>\u0142<\/strong><strong>adania prac: do 28 czerwca 2014 roku<\/strong><\/p>\n<p>(PRACE NADES\u0141ANE LUB DOSTARCZONE DO GOK\u00a0 PO TYM TERMINIE, NIESTETY NIE B\u0118D\u0104 ROZPATRYWANE PRZEZ JURY).<\/p>\n<p>&nbsp;<\/p>\n<p>Miejsce sk\u0142adania prac na adres:<\/p>\n<p>&nbsp;<\/p>\n<p>WARIANT MAILOWY: 1) ANNA ZALEWSKA (azalew@op.pl)<\/p>\n<p>lub WARIANT STACJONARNY: 2) \u00a0Gminny O\u015brodek Kultury (ul. \u0141owicka 9, 99-417 Bolim\u00f3w) w wariancie drugim konieczne powiadomienie o z\u0142o\u017ceniu pracy na adres azalew@op.pl.<\/p>\n<p><strong>\u00a01 maja 2014<\/strong><\/p>\n<p>weryfikacja\u00a0terenowa zdj\u0119\u0107 archiwalnych uzyskanych w MWP oraz GBW oraz zadokumentowanie materialnych pozosta\u0142o\u015bci dzia\u0142a\u0144 zbrojnych 1914-1915. Dokumentacja fotograficzna Cmentarzy Wojennych w Joachimowie Mogi\u0142ach, Bolimowskiej Wsi oraz pozosta\u0142o\u015bci transzei wzd\u0142u\u017c rzek Sucha i Rawka.<\/p>\n<p><strong>20 maja 2014<\/strong><\/p>\n<p>&#8211; rozwieszenie plakat\u00f3w<\/p>\n<p>&#8211; zaproszenie m\u0142odzie\u017cy, nauczycieli, dyrekcji lokalnych szk\u00f3\u0142<\/p>\n<p>&#8211; zdj\u0119cia plenerowe &#8211; dokumentacja fotograficzna do tablic i ksi\u0105\u017cki stanowi\u0105cych element realizacji projektu<\/p>\n<p>&nbsp;<\/p>\n<p><strong>31 maja 2014 (sobota):<\/strong><\/p>\n<p>&nbsp;<\/p>\n<p>prelekcja pt.: <em>Pierwsza wojna <\/em><em>\u015b<\/em><em>wiatowa nad Rawk<\/em><em>\u0105<\/em><em> i Bzur<\/em><em>\u0105<\/em><em>. TO by<\/em><em>\u0142<\/em><em>o w<\/em><em>\u0142<\/em><em>a<\/em><em>\u015b<\/em><em>nie TU!<\/em><\/p>\n<p>godzina:16:00<\/p>\n<p>miejsce: \u00a0<strong>w Ko<\/strong><strong>\u015b<\/strong><strong>ciele <\/strong><strong>\u015a<\/strong><strong>w. Anny<\/strong>\u00a0 \u00a0(ksi\u0105dz Proboszcz proponuje wyk\u0142ad o godz. 16:00 a potem<\/p>\n<p>godz. 17:00<\/p>\n<p>Msza\u015awi\u0119t\u0105 o pok\u00f3j w intencji poleg\u0142ych i poszkodowanych w czasie Wielkiej Wojny nad Rawk\u0105<\/p>\n<p style=\"text-align:center;\"><strong>\u00a0Etap III<\/strong><\/p>\n<p><strong>28 czerwca 2014 (sobota)<\/strong><\/p>\n<p>&nbsp;<\/p>\n<p><strong>28 czerwca &#8211; WARSZTATY<\/strong><\/p>\n<p><strong>\u00a0<\/strong><\/p>\n<p><strong>warsztaty pt.: <em>Troska o cmentarz w Bolimowskiej Wsi\u00a0 <\/em><\/strong><\/p>\n<p>miejsce zbi\u00f3rki: kapliczka przy cmentarzu niemiecko \u2013rosyjskim Bolimowskiej Wsi<\/p>\n<p>godzina: 10:00-14:00<\/p>\n<p>&nbsp;<\/p>\n<p>Uwaga:\u00a0 Zapraszamy wolontariuszy po uprzednim mailowym zg\u0142oszeniu si\u0119<\/p>\n<p>(do: azalew@op.pl)<\/p>\n<p>Z uwagi na charakter prac, liczba uczestnik\u00f3w b\u0119dzie ograniczona \u2013 dlatego konieczne b\u0119dzie wcze\u015bniejsze zg\u0142oszenie (po ankiet\u0119 uczestnictwa \u2013 pod adresem azalew@op.pl) oraz\u00a0 zapisy. W razie du\u017cego zainteresowania \u2013mo\u017cemy powt\u00f3rzy\u0107 t\u0105 form\u0119 realizacji projektu.<\/p>\n<p>Prosimy uczestnik\u00f3w o przyj\u015bcie w stroju roboczym, tj. sprzyjaj\u0105cym\u00a0 trudnym pracom porz\u0105dkowym i dokumentacyjnym.<\/p>\n<p>&nbsp;<\/p>\n<p><strong>28 czerwca &#8211; PRELEKCJA<\/strong><\/p>\n<p><strong>\u00a0<\/strong><\/p>\n<p><strong><em>pt.: Pierwsza Wojna <\/em><\/strong><strong><em>\u015a<\/em><\/strong><strong><em>wiatowa (od zamachu w Sarajewie 28 czerwca 1914 do podpisania <\/em><\/strong><em><strong>Traktatu Wersalski<\/strong><\/em><strong>ego<em> ko<\/em><\/strong><strong><em>\u0144<\/em><\/strong><strong><em>cz<\/em><\/strong><strong><em>\u0105<\/em><\/strong><strong><em>cego I wojn<\/em><\/strong><strong><em>\u0119<\/em><\/strong><strong><em>\u015b<\/em><\/strong><strong><em>wiatow<\/em><\/strong><strong><em>\u0105<\/em><\/strong><strong><em>\u00a0 28 czerwca 1919 roku).<\/em><\/strong><\/p>\n<p>&nbsp;<\/p>\n<p>dyskusja na temat: <em>\u00a0(Nie)pami<\/em><em>\u0119\u0107<\/em><em> ludzka\u00a0versus pami<\/em><em>\u0119\u0107<\/em><em> materii<\/em><\/p>\n<p>godzina: 16:00<\/p>\n<p>miejsce: Na terenie Gminnego O\u015brodka Kultury w Bolimowie [ul. \u0141owicka 9, Bolim\u00f3w.<\/p>\n<p><strong>\u00a0<\/strong><strong>\u00a0<\/strong><\/p>\n<p><strong>Etap III<\/strong><\/p>\n<p><strong>Kulminacja: Przywracanie pami<\/strong><strong>\u0119<\/strong><strong>ci o wydarzeniach z lat 1914-1915 w rejonie Rawki w setn<\/strong><strong>\u0105<\/strong><strong> rocznic<\/strong><strong>\u0119<\/strong><strong> Wielkiej Wojny<\/strong><\/p>\n<p><strong>\u00a0<\/strong><\/p>\n<p><strong>25 lipca (pi<\/strong><strong>\u0105<\/strong><strong>tek)<\/strong><\/p>\n<p><strong>Rozstrzygni<\/strong><strong>\u0119<\/strong><strong>cie konkursu pt. <\/strong><strong><em>Pierwsza wojna <\/em><\/strong><strong><em>\u015b<\/em><\/strong><strong><em>wiatowa nad Rawk<\/em><\/strong><strong><em>\u0105<\/em><\/strong><strong><em> i Bzur<\/em><\/strong><strong><em>\u0105<\/em><\/strong><strong><em>. TO by<\/em><\/strong><strong><em>\u0142<\/em><\/strong><strong><em>o w<\/em><\/strong><strong><em>\u0142<\/em><\/strong><strong><em>a<\/em><\/strong><strong><em>\u015b<\/em><\/strong><strong><em>nie TU!\u00a0<\/em><\/strong><\/p>\n<p>&nbsp;<\/p>\n<p>EWENTUALNE DZIA\u0141ANIA EDUKACYJNE Z UDZIA\u0141EM GO\u015aCI Z NIEMIEC I M\u0141ODZIE\u017bY OTWARTEJ NA WSP\u00d3\u0141PRAC\u0118\u00a0 POLSKO-NIEMIECK\u0104 (zainteresowani uczestnictwem proszeni s\u0105 kontakt z azalew@op.pl)<\/p>\n<p>&nbsp;<\/p>\n<p><strong>26 lipca (sobota rano)<\/strong><\/p>\n<p>godzina: 9:00-12:00.<\/p>\n<p>miejsce zbi\u00f3rki: \u00a0rynek w Bolimowie wyruszamy do lasu (prosimy o str\u00f3j sprzyjaj\u0105cy przeprawom przez las)<\/p>\n<p><strong>rekonesans terenowy pt. <\/strong><\/p>\n<p><strong><em>TO TU! Le<\/em><\/strong><strong><em>\u015b<\/em><\/strong><strong><em>nym szlakiem <\/em><\/strong><strong><em>\u017c<\/em><\/strong><strong><em>ycia i <\/em><\/strong><strong><em>\u015b<\/em><\/strong><strong><em>mierci\u00a0 w okopach pierwszej wojny <\/em><\/strong><strong><em>\u015b<\/em><\/strong><strong><em>wiatowej<\/em><\/strong><\/p>\n<p>&#8211;\u00a0\u00a0\u00a0\u00a0\u00a0\u00a0 <strong>z udzia<\/strong><strong>\u0142<\/strong><strong>em wcze<\/strong><strong>\u015b<\/strong><strong>niej zapisanych os\u00f3b z Polski i Niemiec. <\/strong><\/p>\n<p>&#8211;\u00a0\u00a0\u00a0\u00a0\u00a0\u00a0 <strong>\u00a0<\/strong><\/p>\n<p><strong>Do udzia<\/strong><strong>\u0142<\/strong><strong>u w warsztatach zaproszeni zostan<\/strong><strong>\u0105<\/strong><strong> wszyscy, kt\u00f3rzy zaanga<\/strong><strong>\u017c<\/strong><strong>uj<\/strong><strong>\u0105<\/strong><strong> si<\/strong><strong>\u0119<\/strong><strong> w\u00a0 realizacj<\/strong><strong>\u0119<\/strong><strong> projektu np. poprzez czynne uczestnictwo w warsztatach \u00a0pt. <em>Upami<\/em><\/strong><strong><em>\u0119<\/em><\/strong><strong><em>tnianie przez dzia<\/em><\/strong><strong><em>\u0142<\/em><\/strong><strong><em>anie<\/em><\/strong><strong> czy w\u00a0 konkursie pt. <\/strong><strong><em>Pierwsza wojna <\/em><\/strong><strong><em>\u015b<\/em><\/strong><strong><em>wiatowa nad Rawk<\/em><\/strong><strong><em>\u0105<\/em><\/strong><strong><em> i Bzur<\/em><\/strong><strong><em>\u0105<\/em><\/strong><strong><em>. TO by<\/em><\/strong><strong><em>\u0142<\/em><\/strong><strong><em>o w<\/em><\/strong><strong><em>\u0142<\/em><\/strong><strong><em>a<\/em><\/strong><strong><em>\u015b<\/em><\/strong><strong><em>nie TU! <\/em><\/strong><strong>lub udzia<\/strong><strong>\u0142<\/strong><strong> w konkursie<\/strong><\/p>\n<p>(zainteresowani uczestnictwem proszeni s\u0105 kontakt z azalew@op.pl)<\/p>\n<p><strong>\u00a0<\/strong><\/p>\n<p><strong>26 lipca (po po<\/strong><strong>\u0142<\/strong><strong>udniu)<\/strong><\/p>\n<p>godzina: 16:00<\/p>\n<p>miejsce: rynek w Bolimowie<\/p>\n<p><strong>Promocja ksi<\/strong><strong>\u0105\u017c<\/strong><strong>ki pt. <\/strong><\/p>\n<p><strong><em>WIELKA WOJNA\u00a0\u00a0nad Rawk<\/em><\/strong><strong><em>\u0105<\/em><\/strong><strong><em> i materialne po niej pozosta<\/em><\/strong><strong><em>\u0142<\/em><\/strong><strong><em>o<\/em><\/strong><strong><em>\u015b<\/em><\/strong><strong><em>ci<\/em><\/strong><\/p>\n<p><strong>Seria: <\/strong><strong><em>Przydro<\/em><\/strong><strong><em>\u017c<\/em><\/strong><strong><em>ne Lekcje Historii. <\/em><\/strong><strong><em>Bitwa nad Rawk<\/em><\/strong><strong><em>\u0105<\/em><\/strong><strong><em> 1914-1915. <\/em><\/strong><\/p>\n<p><strong><em>\u00a0<\/em><\/strong><\/p>\n<p><strong><em>GLOSA: PRZYDRO<\/em><\/strong><strong><em>\u017b<\/em><\/strong><strong><em>NE LEKCJE HISTORII. PIERWSZA WOJNA <\/em><\/strong><strong><em>\u015a<\/em><\/strong><strong><em>WIATOWA NAD RAWK<\/em><\/strong><strong><em>\u0104<\/em><\/strong><strong><em> (1914-1915) W SETN<\/em><\/strong><strong><em>\u0104<\/em><\/strong><strong><em> ROCZNIC<\/em><\/strong><strong><em>\u0118<\/em><\/strong><strong><em> WIELKIEJ WOJNY.<\/em><\/strong><\/p>\n<p><strong><em>\u00a0<\/em><\/strong><\/p>\n<p><strong>Publiczne og<\/strong><strong>\u0142<\/strong><strong>oszenie wynik\u00f3w konkursu <\/strong><\/p>\n<p><strong>pt. <\/strong><strong><em>Pierwsza wojna <\/em><\/strong><strong><em>\u015b<\/em><\/strong><strong><em>wiatowa nad Rawk<\/em><\/strong><strong><em>\u0105<\/em><\/strong><strong><em> i Bzur<\/em><\/strong><strong><em>\u0105<\/em><\/strong><strong><em>. TO by<\/em><\/strong><strong><em>\u0142<\/em><\/strong><strong><em>o w<\/em><\/strong><strong><em>\u0142<\/em><\/strong><strong><em>a<\/em><\/strong><strong><em>\u015b<\/em><\/strong><strong><em>nie TU!\u00a0<\/em><\/strong><strong>oraz wr<\/strong><strong>\u0119<\/strong><strong>czenie nagr\u00f3d na Rynku G<\/strong><strong>\u0142<\/strong><strong>\u00f3wnym w Bolimowie.<\/strong><\/p>\n<p>&nbsp;<\/p>\n<p>Realizacja powy\u017cszych element\u00f3w harmonogramu, proces przygotowania i wydrukowania tablic plakat\u00f3w i publikacji mo\u017cliwa jest dzi\u0119ki dofinansowaniu projektu\u00a0 przez Fundacj\u0119 Wsp\u00f3\u0142pracy Polsko \u2013 Niemieckiej.<\/p>\n<p>&nbsp;<\/p>\n<p>Projekt realizowany jest pod patronatem \u00a0Instytutu Archeologii i Etnologii PAN.<\/p>\n<p>&nbsp;<\/p>\n<p><strong>\u00a0<\/strong><\/p>\n<p style=\"text-align:right;\">Przygotowanie\u00a0 i opracowanie Harmonogramu:<\/p>\n<p style=\"text-align:right;\"><strong><em>Anna Zalewska (dr)<\/em><\/strong><\/p>\n<p style=\"text-align:right;\">\u00a0(Pomys\u0142odawczyni i kierownik projektu)<\/p>\n<p style=\"text-align:right;\">Instytut Archeologii UMCS<\/p>\n<p style=\"text-align:right;\"><strong>kontakt:\u00a0\u00a0 <a href=\"mailto:azalew@op.pl\">azalew@op.pl<\/a><\/strong><\/p>\n<p style=\"text-align:right;\"><strong>\u00a0<\/strong><\/p>\n<p style=\"text-align:right;\"><strong>\u00a0<\/strong><\/p>\n<p style=\"text-align:right;\"><strong>Coopyright Anna Zalewska<\/strong><\/p>\n<p style=\"text-align:right;\">szczeg\u00f3\u0142y powy\u017cszego harmonogramu mog\u0105 podlega\u0107\u00a0 \u00a0drobnym zmianom,<\/p>\n<p style=\"text-align:right;\"><strong><em>vide aktualizacje: http:\/\/archeopressja.com\/<\/em><\/strong><\/p>\n<p><strong>\u00a0<\/strong><\/p>\n<p>&nbsp;<\/p>\n<p>&nbsp;<\/p>\n<p>Uwaga:<\/p>\n<p>26 lipca (sobota wieczorem)<\/p>\n<p><em>Stowarzyszenie Inicjatywy Ziemi Bolimowskiej\u00a0 <\/em>\u00a0zaprasza na widowisko historyczne na temat wydarze\u0144 sprzed stu lat,<\/p>\n<p>szczeg\u00f3\u0142y\u00a0 na ten temat dost\u0119pne b\u0119d\u0105 na:<\/p>\n<p>http:\/\/www.bolimow.com.pl\/bolimow1915; http:\/\/www.bolimow.com.pl<\/p>\n<p>&nbsp;<\/p>\n<p>&nbsp;<\/p>\n<p>&nbsp;<\/p>\n<p>&nbsp;<\/p>\n<p>&nbsp;<\/p>\n<div id=\"themify_builder_content-343\" data-postid=\"343\" class=\"themify_builder_content themify_builder_content-343 themify_builder themify_builder_front\">\n\t<\/div>\n<!-- \/themify_builder_content -->","protected":false},"excerpt":{"rendered":"<p>\u00a0ARCHEOLOGIA JEST ANTIDOTUM NA ZAPOMNIENIE i WANDALIZM. PIERWSZA WOJNA \u015aWIATOWA NAD RAWK\u0104 I BZUR\u0104\u00a0\u00a0 (1914 \u2013 2014). KU PRZYDRO\u017bNYM LEKCJOM HISTORII\u00a0 \u00a0HARMONOGRAM: \u00a0Etap I: \u00a0zako\u0144czony 30 marca Pa\u017adziernik 2013- marzec 2014 Kwerendy \u017ar\u00f3d\u0142owe Przygotowywanie tre\u015bci publikacji i tablic Opracowywanie strategii dzia\u0142a\u0144\u00a0 edukacyjnych i cel\u00f3w operacyjnych Opracowanie ankiety i metodyki dzia\u0142a\u0144 prospo\u0142ecznych \u00a0 20 lutego 2014 [&hellip;]<\/p>\n","protected":false},"author":2,"featured_media":0,"parent":0,"menu_order":0,"comment_status":"open","ping_status":"open","template":"","meta":{"footnotes":""},"class_list":["post-343","page","type-page","status-publish","hentry","has-post-title","has-post-date","has-post-category","has-post-tag","has-post-comment","has-post-author"],"_links":{"self":[{"href":"https:\/\/www.archeopressja.pl\/index.php?rest_route=\/wp\/v2\/pages\/343","targetHints":{"allow":["GET"]}}],"collection":[{"href":"https:\/\/www.archeopressja.pl\/index.php?rest_route=\/wp\/v2\/pages"}],"about":[{"href":"https:\/\/www.archeopressja.pl\/index.php?rest_route=\/wp\/v2\/types\/page"}],"author":[{"embeddable":true,"href":"https:\/\/www.archeopressja.pl\/index.php?rest_route=\/wp\/v2\/users\/2"}],"replies":[{"embeddable":true,"href":"https:\/\/www.archeopressja.pl\/index.php?rest_route=%2Fwp%2Fv2%2Fcomments&post=343"}],"version-history":[{"count":0,"href":"https:\/\/www.archeopressja.pl\/index.php?rest_route=\/wp\/v2\/pages\/343\/revisions"}],"wp:attachment":[{"href":"https:\/\/www.archeopressja.pl\/index.php?rest_route=%2Fwp%2Fv2%2Fmedia&parent=343"}],"curies":[{"name":"wp","href":"https:\/\/api.w.org\/{rel}","templated":true}]}}