{"id":331,"date":"2014-06-29T21:32:22","date_gmt":"2014-06-29T20:32:22","guid":{"rendered":"http:\/\/archeopressja.wordpress.com\/?page_id=331"},"modified":"2014-06-29T21:32:22","modified_gmt":"2014-06-29T20:32:22","slug":"plh-pilotaz-i-wojna-swiatowa-nad-rawka-i-bzura","status":"publish","type":"page","link":"https:\/\/www.archeopressja.pl\/?page_id=331","title":{"rendered":"PLH PILOTA\u017b: I WOJNA \u015aWIATOWA NAD RAWK\u0104 I BZUR\u0104"},"content":{"rendered":"<p style=\"text-align:center;\"><strong>Pilota\u017cowa Przydro\u017cna Lekcja Historii pt.<\/strong><\/p>\n<p style=\"text-align:center;\"><strong>PIERWSZA WOJNA \u015aWIATOWA NAD RAWK\u0104 I BZUR\u0104\u00a0<\/strong><strong>(1914 &#8211; 2014).<\/strong><\/p>\n<p style=\"text-align:center;\"><strong>KU PRZYDRO\u017bNYM LEKCJOM HISTORII\u00a0<\/strong><\/p>\n<p style=\"text-align:center;\"><strong>Projekt ten odnosi si\u0119 do (nie)pami\u0119ci o wydarzeniach sprzed stu lat, do \u00a0materialnych po nich pozosta\u0142o\u015bci oraz do (nie)wiedzy o tych wydarzeniach<\/strong>:<\/p>\n<p style=\"text-align:center;\">Pierwsza Wojna \u015awiatowa w \u015bwiadomo\u015bci Polak\u00f3w jest wojn\u0105 \u201eNiemc\u00f3w z Rosjanami\u201d. Jest to jeden z powod\u00f3w dla kt\u00f3rych materialne pozosta\u0142o\u015bci po tej wojnie, jako \u201enie nasze\u201d, a wi\u0119c \u201eniczyje\u201d zosta\u0142y iw ci\u0105\u017c pozostaj\u0105 wyparte ze \u015bwiadomo\u015bci spo\u0142ecznej i jako takie, na og\u00f3\u0142 s\u0105 pozbawione troski, opieki, a przez to\u00a0<em>mocy sprawczej<\/em>. Ulegaj\u0105 przez to zw\u0142aszcza aktualnie, wzmo\u017conej destrukcji. Wynika ona g\u0142\u00f3wnie z dzia\u0142a\u0144 w polu tzw. \u201eczarnej archeologii\u201d oraz z bierno\u015bci &#8211; zar\u00f3wno lokalnych decydent\u00f3w, jak i naukowc\u00f3w, w tym archeolog\u00f3w i historyk\u00f3w.<\/p>\n<p style=\"text-align:center;\">\n<p><strong>WANDALIZM<\/strong><strong>\u00a0<\/strong><\/p>\n<p>Puszcza Bolimowska boryka sie\u0328 z bardzo z\u0142oz\u0307onym i niepokoja\u0328cym zjawiskiem \u201eczarnej archeologii\u201d (jest to nielegalne wydobywanie z ziemi przedmiot\u00f3w, tu g\u0142\u00f3wnie militari\u00f3w, przez osoby zainteresowane ich warto\u015bci\u0105 poznawcz\u0105, estetyczn\u0105 czy rynkow\u0105).<\/p>\n<p>Puszcza Bolimowska jest postrzegana jako: \u201enajbardziej przekopany kawa\u0142ek ziemi w Polsce\u201d, \u201eeldorado poszukiwaczy\u201d. Przejawy tego, widoczne w wielu miejscach, potraktujmy jako apel:<\/p>\n<p>&nbsp;<\/p>\n<p><strong>TO MIEJSCE, TAK JAK INNE MIEJSCA NAZNACZONE HISTORI\u0104,\u00a0<\/strong><strong>NIE ZAS<\/strong><strong>\u0141<\/strong><strong>UGUJE NA TAKIE TRAKTOWANIE!!!<\/strong><\/p>\n<p><strong>Wyja<\/strong><strong>\u0328<\/strong><strong>tkowos\u0301c\u0301 Puszczy Bolimowskiej<\/strong>(m.in. w kwestii trwania \/zalegania na powierzchni i pod powierzchnia\u0328 ziemi, pozosta\u0142os\u0301ci z przesz\u0142os\u0301ci &#8211; niestety wystarczaja\u0328co p\u0142ytko, by mog\u0142y byc\u0301 stamta\u0328d wyrwane, przez poszukiwaczy trofe\u00f3w\/ wiedzy\/ emocji czy zarobku..) &#8211; <strong>jest bezdyskusyjna. <\/strong><\/p>\n<p>Tym bardziej martwi, z\u0307e wyja\u0328tkowos\u0301c\u0301 tego obszaru przejawia sie\u0328 w wypowiedziach typu:<\/p>\n<p>\u201e<em>Dzis\u0301 troszke<\/em><em>\u0328<\/em><em> kopa<\/em><em>\u0142<\/em><em>em w puszczy ko<\/em><em>\u0142<\/em><em>o miejscowos\u0301ci Samice. <strong>Niestety teren dos\u0301c\u0301 dok<\/strong><\/em><strong><em>\u0142<\/em><\/strong><strong><em>adnie przekopany<\/em><\/strong><em>. Znalaz<\/em><em>\u0142<\/em><em>em od<\/em><em>\u0142<\/em><em>amki,<\/em><em>\u0142<\/em><em>uski do mosina i bardzo zniszczona<\/em><em>\u0328<\/em><em> menaz<\/em><em>\u0307<\/em><em>ke<\/em><em>\u0328<\/em><em>. (\u2026) Wczes\u0301niej<strong> kopa<\/strong><\/em><strong><em>\u0142<\/em><\/strong><strong><em>em ko<\/em><\/strong><strong><em>\u0142<\/em><\/strong><strong><em>o miejscowos\u0301ci Mogi<\/em><\/strong><strong><em>\u0142<\/em><\/strong><strong><em>y<\/em><\/strong><em> i troche<\/em><em>\u0328<\/em><em> lepiej \u2013 choc\u0301 <strong>do<\/strong><\/em><strong><em>\u0142<\/em><\/strong><strong><em>k<\/em><\/strong><strong><em>\u00f3<\/em><\/strong><strong><em>w po poszukiwaczach jest tam bardzo duz<\/em><\/strong><strong><em>\u0307<\/em><\/strong><strong><em>o&#8230;\u201d<\/em><\/strong><\/p>\n<p><em>\u00a0<\/em>&#8211;\u00a0\u00a0\u00a0\u00a0\u00a0\u00a0\u00a0 problem kluczowy, choc\u0301 nie jedyny, polega na tym, z\u0307e te \u201edo\u0142ki\u201d trafiaja\u0328 w mogi\u0142y.<\/p>\n<p style=\"text-align:center;\"><strong>ROZKOPYWANE S<\/strong><strong>\u0104<\/strong><strong>\u00a0MI\u0118DZY INNYMI MOGI<\/strong><strong>\u0141<\/strong><strong>Y LUDZKIE. <\/strong><\/p>\n<p style=\"text-align:center;\"><strong>LUDZI TAKICH JAK MY. NIE BEZCZES\u0301C\u0301MY ICH SZCZA<\/strong><strong>\u0328<\/strong><strong>TK<\/strong><strong>\u00d3<\/strong><strong>W. <\/strong><\/p>\n<p style=\"text-align:center;\"><strong>NIE <\/strong><strong>NISZCZMY I NIE <\/strong><strong>POZW<\/strong><strong>\u00d3<\/strong><strong>LMY NA NISZCZENIE DOWOD<\/strong><strong>\u00d3<\/strong><strong>W NA TO<\/strong><strong>,<\/strong><strong> JAK<\/strong><strong>I<\/strong><strong> BY<\/strong><strong>\u0141<\/strong><strong> WIEK XX. <\/strong><\/p>\n<p style=\"text-align:center;\"><strong>POZOSTAWMY JE TYM, KT\u00d3RZY PRZYJD\u0104 TU PO NAS \u2013 I TE\u017b B\u0118D\u0104 SI\u0118 ZMAGALI Z WYZWANIAMI WSP\u00d3\u0141CZESNO\u015aCI, Z BOLESNYM DZIEDZICTWEM, (NIE) PAMI\u0118CI\u0104 I TRUDN\u0104 HISTORI\u0104 XX WIEKU, KT\u00d3REJ KILKA ISTOTNYCH AKT\u00d3W ROZEGRA\u0141O SI\u0118 W\u0141A\u015aNIE NAD RAWK\u0104 I BZUR\u0104.<\/strong><\/p>\n<p style=\"text-align:right;\">Anna Zalewska<\/p>\n<div id=\"themify_builder_content-331\" data-postid=\"331\" class=\"themify_builder_content themify_builder_content-331 themify_builder themify_builder_front\">\n\t<\/div>\n<!-- \/themify_builder_content -->","protected":false},"excerpt":{"rendered":"<p>Pilota\u017cowa Przydro\u017cna Lekcja Historii pt. PIERWSZA WOJNA \u015aWIATOWA NAD RAWK\u0104 I BZUR\u0104\u00a0(1914 &#8211; 2014). KU PRZYDRO\u017bNYM LEKCJOM HISTORII\u00a0 Projekt ten odnosi si\u0119 do (nie)pami\u0119ci o wydarzeniach sprzed stu lat, do \u00a0materialnych po nich pozosta\u0142o\u015bci oraz do (nie)wiedzy o tych wydarzeniach: Pierwsza Wojna \u015awiatowa w \u015bwiadomo\u015bci Polak\u00f3w jest wojn\u0105 \u201eNiemc\u00f3w z Rosjanami\u201d. Jest to jeden z [&hellip;]<\/p>\n","protected":false},"author":2,"featured_media":0,"parent":0,"menu_order":0,"comment_status":"open","ping_status":"open","template":"","meta":{"footnotes":""},"class_list":["post-331","page","type-page","status-publish","hentry","has-post-title","has-post-date","has-post-category","has-post-tag","has-post-comment","has-post-author"],"_links":{"self":[{"href":"https:\/\/www.archeopressja.pl\/index.php?rest_route=\/wp\/v2\/pages\/331","targetHints":{"allow":["GET"]}}],"collection":[{"href":"https:\/\/www.archeopressja.pl\/index.php?rest_route=\/wp\/v2\/pages"}],"about":[{"href":"https:\/\/www.archeopressja.pl\/index.php?rest_route=\/wp\/v2\/types\/page"}],"author":[{"embeddable":true,"href":"https:\/\/www.archeopressja.pl\/index.php?rest_route=\/wp\/v2\/users\/2"}],"replies":[{"embeddable":true,"href":"https:\/\/www.archeopressja.pl\/index.php?rest_route=%2Fwp%2Fv2%2Fcomments&post=331"}],"version-history":[{"count":0,"href":"https:\/\/www.archeopressja.pl\/index.php?rest_route=\/wp\/v2\/pages\/331\/revisions"}],"wp:attachment":[{"href":"https:\/\/www.archeopressja.pl\/index.php?rest_route=%2Fwp%2Fv2%2Fmedia&parent=331"}],"curies":[{"name":"wp","href":"https:\/\/api.w.org\/{rel}","templated":true}]}}